{"id":174,"date":"2023-05-25T22:17:52","date_gmt":"2023-05-25T22:17:52","guid":{"rendered":"https:\/\/www.virginiadare.com\/?page_id=174"},"modified":"2023-06-02T18:55:21","modified_gmt":"2023-06-02T18:55:21","slug":"404-2","status":"publish","type":"page","link":"https:\/\/www.virginiadare.com\/es\/404-2\/","title":{"rendered":"404"},"content":{"rendered":"<style>.kb-row-layout-id_4dc73f-4e > .kt-row-column-wrap{align-content:start;}:where(.kb-row-layout-id_4dc73f-4e > .kt-row-column-wrap) > .wp-block-kadence-column{justify-content:start;}.kb-row-layout-id_4dc73f-4e > .kt-row-column-wrap{column-gap:var(--global-kb-gap-md, 2rem);row-gap:var(--global-kb-gap-md, 2rem);padding-top:170px;padding-bottom:120px;grid-template-columns:minmax(0, 1fr);}.kb-row-layout-id_4dc73f-4e > .kt-row-layout-overlay{opacity:0.30;}@media all and (max-width: 1024px){.kb-row-layout-id_4dc73f-4e > .kt-row-column-wrap{padding-top:100px;padding-bottom:100px;grid-template-columns:minmax(0, 1fr);}}@media all and (max-width: 767px){.kb-row-layout-id_4dc73f-4e > .kt-row-column-wrap{grid-template-columns:minmax(0, 1fr);}}<\/style><div class=\"kb-row-layout-wrap kb-row-layout-id_4dc73f-4e alignnone wp-block-kadence-rowlayout\"><div class=\"kt-row-column-wrap kt-has-1-columns kt-row-layout-equal kt-tab-layout-inherit kt-mobile-layout-row kt-row-valign-top\">\n<style>.kadence-column_164eab-0f > .kt-inside-inner-col,.kadence-column_164eab-0f > .kt-inside-inner-col:before{border-top-left-radius:0px;border-top-right-radius:0px;border-bottom-right-radius:0px;border-bottom-left-radius:0px;}.kadence-column_164eab-0f > .kt-inside-inner-col{column-gap:var(--global-kb-gap-sm, 1rem);}.kadence-column_164eab-0f > .kt-inside-inner-col{flex-direction:column;}.kadence-column_164eab-0f > .kt-inside-inner-col > .aligncenter{width:100%;}.kadence-column_164eab-0f > .kt-inside-inner-col:before{opacity:0.3;}.kadence-column_164eab-0f{position:relative;}@media all and (max-width: 1024px){.kadence-column_164eab-0f > .kt-inside-inner-col{flex-direction:column;justify-content:center;}}@media all and (max-width: 767px){.kadence-column_164eab-0f > .kt-inside-inner-col{flex-direction:column;justify-content:center;}}<\/style>\n<div class=\"wp-block-kadence-column kadence-column_164eab-0f\"><div class=\"kt-inside-inner-col\"><style>.kadence-column_aa857a-ac{max-width:425px;margin-left:auto;margin-right:auto;}.wp-block-kadence-column.kb-section-dir-horizontal:not(.kb-section-md-dir-vertical)>.kt-inside-inner-col>.kadence-column_aa857a-ac{-webkit-flex:0 1 425px;flex:0 1 425px;max-width:unset;margin-left:unset;margin-right:unset;}.kadence-column_aa857a-ac > .kt-inside-inner-col,.kadence-column_aa857a-ac > .kt-inside-inner-col:before{border-top-left-radius:0px;border-top-right-radius:0px;border-bottom-right-radius:0px;border-bottom-left-radius:0px;}.kadence-column_aa857a-ac > .kt-inside-inner-col{column-gap:var(--global-kb-gap-sm, 1rem);}.kadence-column_aa857a-ac > .kt-inside-inner-col{flex-direction:column;}.kadence-column_aa857a-ac > .kt-inside-inner-col > .aligncenter{width:100%;}.kadence-column_aa857a-ac > .kt-inside-inner-col:before{opacity:0.3;}.kadence-column_aa857a-ac{position:relative;}@media all and (min-width: 1025px){.wp-block-kadence-column.kb-section-dir-horizontal>.kt-inside-inner-col>.kadence-column_aa857a-ac{-webkit-flex:0 1 425px;flex:0 1 425px;max-width:unset;margin-left:unset;margin-right:unset;}}@media all and (max-width: 1024px){.kadence-column_aa857a-ac > .kt-inside-inner-col{flex-direction:column;justify-content:center;}}@media all and (max-width: 767px){.wp-block-kadence-column.kb-section-sm-dir-vertical:not(.kb-section-sm-dir-horizontal):not(.kb-section-sm-dir-specificity)>.kt-inside-inner-col>.kadence-column_aa857a-ac{max-width:425px;-webkit-flex:1;flex:1;margin-left:auto;margin-right:auto;}.kadence-column_aa857a-ac > .kt-inside-inner-col{flex-direction:column;justify-content:center;}}<\/style>\n<div class=\"wp-block-kadence-column kadence-column_aa857a-ac\"><div class=\"kt-inside-inner-col\">\n<figure class=\"wp-block-image size-large landscape-aspect\"><img loading=\"lazy\" decoding=\"async\" width=\"1024\" height=\"512\" src=\"https:\/\/www.virginiadare.com\/wp-content\/uploads\/2023\/06\/404-1024x512.png\" alt=\"stylized 404 using a cookie as the 0\" class=\"wp-image-496\" srcset=\"https:\/\/www.virginiadare.com\/wp-content\/uploads\/2023\/06\/404-1024x512.png 1024w, https:\/\/www.virginiadare.com\/wp-content\/uploads\/2023\/06\/404-300x150.png 300w, https:\/\/www.virginiadare.com\/wp-content\/uploads\/2023\/06\/404-768x384.png 768w, https:\/\/www.virginiadare.com\/wp-content\/uploads\/2023\/06\/404.png 1440w\" sizes=\"auto, (max-width: 1024px) 100vw, 1024px\" \/><\/figure>\n<\/div><\/div>\n\n\n<style>.kadence-column_000246-fc{max-width:720px;margin-left:auto;margin-right:auto;}.wp-block-kadence-column.kb-section-dir-horizontal:not(.kb-section-md-dir-vertical)>.kt-inside-inner-col>.kadence-column_000246-fc{-webkit-flex:0 1 720px;flex:0 1 720px;max-width:unset;margin-left:unset;margin-right:unset;}.kadence-column_000246-fc > .kt-inside-inner-col,.kadence-column_000246-fc > .kt-inside-inner-col:before{border-top-left-radius:0px;border-top-right-radius:0px;border-bottom-right-radius:0px;border-bottom-left-radius:0px;}.kadence-column_000246-fc > .kt-inside-inner-col{column-gap:var(--global-kb-gap-sm, 1rem);}.kadence-column_000246-fc > .kt-inside-inner-col{flex-direction:column;}.kadence-column_000246-fc > .kt-inside-inner-col > .aligncenter{width:100%;}.kadence-column_000246-fc > .kt-inside-inner-col:before{opacity:0.3;}.kadence-column_000246-fc{text-align:center;}.kadence-column_000246-fc{position:relative;}@media all and (min-width: 1025px){.wp-block-kadence-column.kb-section-dir-horizontal>.kt-inside-inner-col>.kadence-column_000246-fc{-webkit-flex:0 1 720px;flex:0 1 720px;max-width:unset;margin-left:unset;margin-right:unset;}}@media all and (max-width: 1024px){.kadence-column_000246-fc > .kt-inside-inner-col{flex-direction:column;justify-content:center;}}@media all and (max-width: 767px){.wp-block-kadence-column.kb-section-sm-dir-vertical:not(.kb-section-sm-dir-horizontal):not(.kb-section-sm-dir-specificity)>.kt-inside-inner-col>.kadence-column_000246-fc{max-width:720px;-webkit-flex:1;flex:1;margin-left:auto;margin-right:auto;}.kadence-column_000246-fc > .kt-inside-inner-col{flex-direction:column;justify-content:center;}}<\/style>\n<div class=\"wp-block-kadence-column kadence-column_000246-fc\"><div class=\"kt-inside-inner-col\"><style>.wp-block-kadence-spacer.kt-block-spacer-_d29967-99 .kt-block-spacer{height:60px;}.wp-block-kadence-spacer.kt-block-spacer-_d29967-99 .kt-divider{border-top-width:1px;height:1px;border-top-color:#eee;width:80%;border-top-style:solid;}@media all and (max-width: 1024px){.wp-block-kadence-spacer.kt-block-spacer-_d29967-99 .kt-block-spacer{height:32px!important;}}<\/style>\n<div class=\"wp-block-kadence-spacer aligncenter kt-block-spacer-_d29967-99\"><div class=\"kt-block-spacer kt-block-spacer-halign-center\"><\/div><\/div>\n\n\n\n<h2 class=\"has-x-large-font-size wp-block-heading\" style=\"font-style:normal;font-weight:300\">Oh oh, ese enlace est\u00e1 roto.<\/h2>\n\n\n\n<p style=\"font-size:21px\">Lo sentimos por eso. Puedes visitar nuestro <a href=\"\/es\/contact\/\"><mark style=\"background-color:rgba(0, 0, 0, 0)\" class=\"has-inline-color has-blue-color\">pagina de contacto<\/mark><\/a> hablar con un experto en sabores. O regrese a casa para descubrir el jazm\u00edn, la mandarina, la fragante madreselva y vainilla o cualquier combinaci\u00f3n de sabores que pueda imaginar.<\/p>\n\n\n<style>.wp-block-kadence-spacer.kt-block-spacer-_f227d3-90 .kt-block-spacer{height:32px;}.wp-block-kadence-spacer.kt-block-spacer-_f227d3-90 .kt-divider{border-top-width:1px;height:1px;border-top-color:#eee;width:80%;border-top-style:solid;}@media all and (max-width: 1024px){.wp-block-kadence-spacer.kt-block-spacer-_f227d3-90 .kt-block-spacer{height:20px!important;}}<\/style>\n<div class=\"wp-block-kadence-spacer aligncenter kt-block-spacer-_f227d3-90\"><div class=\"kt-block-spacer kt-block-spacer-halign-center\"><\/div><\/div>\n\n\n\n<div class=\"wp-block-buttons is-content-justification-center is-layout-flex wp-container-core-buttons-is-layout-16018d1d wp-block-buttons-is-layout-flex\">\n<div class=\"wp-block-button\"><a class=\"wp-block-button__link wp-element-button\" href=\"\/es\/\">Volver a casa<\/a><\/div>\n<\/div>\n<\/div><\/div>\n<\/div><\/div>\n\n<\/div><\/div>\n\n<style>.kb-row-layout-id_4d40a8-09 > .kt-row-column-wrap{align-content:start;}:where(.kb-row-layout-id_4d40a8-09 > .kt-row-column-wrap) > .wp-block-kadence-column{justify-content:start;}.kb-row-layout-id_4d40a8-09 > .kt-row-column-wrap{column-gap:var(--global-kb-gap-none, 0rem );row-gap:var(--global-kb-gap-none, 0rem );max-width:1000px;margin-left:auto;margin-right:auto;padding-bottom:0rem;}.kb-row-layout-id_4d40a8-09 > .kt-row-column-wrap > div:not(.added-for-specificity){grid-column:initial;}.kb-row-layout-id_4d40a8-09 > .kt-row-column-wrap{grid-template-columns:minmax(0, 2fr) minmax(0, 1fr) minmax(0, 1fr);}.kb-row-layout-id_4d40a8-09 > .kt-row-layout-overlay{opacity:0.30;}@media all and (max-width: 1024px){.kb-row-layout-id_4d40a8-09 > .kt-row-column-wrap > div:not(.added-for-specificity){grid-column:initial;}}@media all and (max-width: 1024px){.kb-row-layout-id_4d40a8-09 > .kt-row-column-wrap{grid-template-columns:minmax(0, 2fr) minmax(0, 1fr) minmax(0, 1fr);}}@media all and (max-width: 767px){.kb-row-layout-id_4d40a8-09 > .kt-row-column-wrap > div:not(.added-for-specificity){grid-column:initial;}.kb-row-layout-id_4d40a8-09 > .kt-row-column-wrap{grid-template-columns:minmax(0, 2fr) minmax(0, 1fr) minmax(0, 1fr);}}<\/style><div class=\"kb-row-layout-wrap kb-row-layout-id_4d40a8-09 alignfull has-brand-black-background-color kt-row-has-bg pseudo-overhang wp-block-kadence-rowlayout\" id=\"false-footer\"><div class=\"kt-row-column-wrap kt-has-3-columns kt-row-layout-left-half kt-tab-layout-left-half kt-mobile-layout-left-half kt-row-valign-top\">\n<style>.kadence-column_497824-89 > .kt-inside-inner-col,.kadence-column_497824-89 > .kt-inside-inner-col:before{border-top-left-radius:0px;border-top-right-radius:0px;border-bottom-right-radius:0px;border-bottom-left-radius:0px;}.kadence-column_497824-89 > .kt-inside-inner-col{column-gap:var(--global-kb-gap-sm, 1rem);}.kadence-column_497824-89 > .kt-inside-inner-col{flex-direction:column;}.kadence-column_497824-89 > .kt-inside-inner-col > .aligncenter{width:100%;}.kadence-column_497824-89 > .kt-inside-inner-col:before{opacity:0.3;}.kadence-column_497824-89{position:relative;}@media all and (max-width: 1024px){.kadence-column_497824-89 > .kt-inside-inner-col{flex-direction:column;justify-content:center;}}@media all and (max-width: 767px){.kadence-column_497824-89 > .kt-inside-inner-col{flex-direction:column;justify-content:center;}}<\/style>\n<div class=\"wp-block-kadence-column kadence-column_497824-89\"><div class=\"kt-inside-inner-col\">\n<figure class=\"wp-block-image size-large\"><img loading=\"lazy\" decoding=\"async\" width=\"1024\" height=\"682\" src=\"https:\/\/www.virginiadare.com\/wp-content\/uploads\/2023\/05\/6-Stocksy_txp5d63b2f59Ri300_Large_2415762-1024x682.jpg\" alt=\"Top view of arranged glasses with orange beverage and reusable steel straws on blue background\" class=\"wp-image-186\" srcset=\"https:\/\/www.virginiadare.com\/wp-content\/uploads\/2023\/05\/6-Stocksy_txp5d63b2f59Ri300_Large_2415762-1024x682.jpg 1024w, https:\/\/www.virginiadare.com\/wp-content\/uploads\/2023\/05\/6-Stocksy_txp5d63b2f59Ri300_Large_2415762-300x200.jpg 300w, https:\/\/www.virginiadare.com\/wp-content\/uploads\/2023\/05\/6-Stocksy_txp5d63b2f59Ri300_Large_2415762-768x512.jpg 768w, https:\/\/www.virginiadare.com\/wp-content\/uploads\/2023\/05\/6-Stocksy_txp5d63b2f59Ri300_Large_2415762-1536x1023.jpg 1536w, https:\/\/www.virginiadare.com\/wp-content\/uploads\/2023\/05\/6-Stocksy_txp5d63b2f59Ri300_Large_2415762-2048x1365.jpg 2048w\" sizes=\"auto, (max-width: 1024px) 100vw, 1024px\" \/><figcaption class=\"wp-element-caption\">Vista superior de vasos dispuestos con bebida de naranja y pajitas de acero reutilizables sobre fondo azul.<\/figcaption><\/figure>\n<\/div><\/div>\n\n\n<style>.kadence-column_f025ed-44 > .kt-inside-inner-col,.kadence-column_f025ed-44 > .kt-inside-inner-col:before{border-top-left-radius:0px;border-top-right-radius:0px;border-bottom-right-radius:0px;border-bottom-left-radius:0px;}.kadence-column_f025ed-44 > .kt-inside-inner-col{column-gap:var(--global-kb-gap-sm, 1rem);}.kadence-column_f025ed-44 > .kt-inside-inner-col{flex-direction:column;}.kadence-column_f025ed-44 > .kt-inside-inner-col > .aligncenter{width:100%;}.kadence-column_f025ed-44 > .kt-inside-inner-col:before{opacity:0.3;}.kadence-column_f025ed-44{position:relative;}@media all and (max-width: 1024px){.kadence-column_f025ed-44 > .kt-inside-inner-col{flex-direction:column;justify-content:center;}}@media all and (max-width: 767px){.kadence-column_f025ed-44 > .kt-inside-inner-col{flex-direction:column;justify-content:center;}}<\/style>\n<div class=\"wp-block-kadence-column kadence-column_f025ed-44\"><div class=\"kt-inside-inner-col\">\n<figure class=\"wp-block-image size-large\"><img loading=\"lazy\" decoding=\"async\" width=\"1024\" height=\"607\" src=\"https:\/\/www.virginiadare.com\/wp-content\/uploads\/2023\/05\/7-Stocksy_txp5d63b2f59Ri300_Large_4926632-1024x607.jpg\" alt=\"Multicoloured fruit cereal with dripping milk on spoon against pink background\" class=\"wp-image-187\" srcset=\"https:\/\/www.virginiadare.com\/wp-content\/uploads\/2023\/05\/7-Stocksy_txp5d63b2f59Ri300_Large_4926632-1024x607.jpg 1024w, https:\/\/www.virginiadare.com\/wp-content\/uploads\/2023\/05\/7-Stocksy_txp5d63b2f59Ri300_Large_4926632-300x178.jpg 300w, https:\/\/www.virginiadare.com\/wp-content\/uploads\/2023\/05\/7-Stocksy_txp5d63b2f59Ri300_Large_4926632-768x455.jpg 768w, https:\/\/www.virginiadare.com\/wp-content\/uploads\/2023\/05\/7-Stocksy_txp5d63b2f59Ri300_Large_4926632-1536x910.jpg 1536w, https:\/\/www.virginiadare.com\/wp-content\/uploads\/2023\/05\/7-Stocksy_txp5d63b2f59Ri300_Large_4926632-2048x1213.jpg 2048w\" sizes=\"auto, (max-width: 1024px) 100vw, 1024px\" \/><\/figure>\n<\/div><\/div>\n\n\n<style>.kadence-column_7f0945-eb > .kt-inside-inner-col,.kadence-column_7f0945-eb > .kt-inside-inner-col:before{border-top-left-radius:0px;border-top-right-radius:0px;border-bottom-right-radius:0px;border-bottom-left-radius:0px;}.kadence-column_7f0945-eb > .kt-inside-inner-col{column-gap:var(--global-kb-gap-sm, 1rem);}.kadence-column_7f0945-eb > .kt-inside-inner-col{flex-direction:column;}.kadence-column_7f0945-eb > .kt-inside-inner-col > .aligncenter{width:100%;}.kadence-column_7f0945-eb > .kt-inside-inner-col:before{opacity:0.3;}.kadence-column_7f0945-eb{position:relative;}@media all and (max-width: 1024px){.kadence-column_7f0945-eb > .kt-inside-inner-col{flex-direction:column;justify-content:center;}}@media all and (max-width: 767px){.kadence-column_7f0945-eb > .kt-inside-inner-col{flex-direction:column;justify-content:center;}}<\/style>\n<div class=\"wp-block-kadence-column kadence-column_7f0945-eb\"><div class=\"kt-inside-inner-col\">\n<figure class=\"wp-block-image size-large\"><img loading=\"lazy\" decoding=\"async\" width=\"840\" height=\"1024\" src=\"https:\/\/www.virginiadare.com\/wp-content\/uploads\/2023\/05\/8-Stocksy_txp5d63b2f59Ri300_Large_2792609-scaled-e1685549306185-840x1024.jpg\" alt=\"Cream and cold brewed coffee over ice\" class=\"wp-image-188\" srcset=\"https:\/\/www.virginiadare.com\/wp-content\/uploads\/2023\/05\/8-Stocksy_txp5d63b2f59Ri300_Large_2792609-scaled-e1685549306185-840x1024.jpg 840w, https:\/\/www.virginiadare.com\/wp-content\/uploads\/2023\/05\/8-Stocksy_txp5d63b2f59Ri300_Large_2792609-scaled-e1685549306185-246x300.jpg 246w, https:\/\/www.virginiadare.com\/wp-content\/uploads\/2023\/05\/8-Stocksy_txp5d63b2f59Ri300_Large_2792609-scaled-e1685549306185-768x936.jpg 768w, https:\/\/www.virginiadare.com\/wp-content\/uploads\/2023\/05\/8-Stocksy_txp5d63b2f59Ri300_Large_2792609-scaled-e1685549306185-1261x1536.jpg 1261w, https:\/\/www.virginiadare.com\/wp-content\/uploads\/2023\/05\/8-Stocksy_txp5d63b2f59Ri300_Large_2792609-scaled-e1685549306185-1681x2048.jpg 1681w, https:\/\/www.virginiadare.com\/wp-content\/uploads\/2023\/05\/8-Stocksy_txp5d63b2f59Ri300_Large_2792609-scaled-e1685549306185.jpg 1707w\" sizes=\"auto, (max-width: 840px) 100vw, 840px\" \/><\/figure>\n<\/div><\/div>\n\n<\/div><\/div>","protected":false},"excerpt":{"rendered":"<p>Oh, oh, ese enlace est\u00e1 roto. Lo sentimos. Puedes visitar nuestra p\u00e1gina de contacto para hablar con un experto en sabores. O regresa a casa y descubre la mandarina jazm\u00edn, la fragante madreselva vainilla o cualquier combinaci\u00f3n de sabores que imagines.<\/p>","protected":false},"author":2,"featured_media":0,"parent":0,"menu_order":0,"comment_status":"closed","ping_status":"closed","template":"","meta":{"_acf_changed":false,"_kad_blocks_custom_css":"","_kad_blocks_head_custom_js":"","_kad_blocks_body_custom_js":"","_kad_blocks_footer_custom_js":"","footnotes":""},"class_list":["post-174","page","type-page","status-publish","hentry"],"acf":[],"yoast_head":"<!-- This site is optimized with the Yoast SEO plugin v27.5 - https:\/\/yoast.com\/product\/yoast-seo-wordpress\/ -->\n<title>404 - Virginia Dare<\/title>\n<meta name=\"robots\" content=\"index, follow, max-snippet:-1, max-image-preview:large, max-video-preview:-1\" \/>\n<link rel=\"canonical\" href=\"https:\/\/www.virginiadare.com\/es\/404-2\/\" \/>\n<meta property=\"og:locale\" content=\"es_MX\" \/>\n<meta property=\"og:type\" content=\"article\" \/>\n<meta property=\"og:title\" content=\"404 - Virginia Dare\" \/>\n<meta property=\"og:description\" content=\"Uh oh, that link is broken. We\u2019re sorry about that. You can visit our contact page to speak to a flavor expert. Or return home to discover jasmine tangerine, fragrant vanilla honeysuckle, or whatever flavor combination you can imagine.\" \/>\n<meta property=\"og:url\" content=\"https:\/\/www.virginiadare.com\/es\/404-2\/\" \/>\n<meta property=\"og:site_name\" content=\"Virginia Dare\" \/>\n<meta property=\"article:modified_time\" content=\"2023-06-02T18:55:21+00:00\" \/>\n<meta property=\"og:image\" content=\"https:\/\/www.virginiadare.com\/wp-content\/uploads\/2023\/06\/404-1024x512.png\" \/>\n<meta name=\"twitter:card\" content=\"summary_large_image\" \/>\n<meta name=\"twitter:label1\" content=\"Tiempo de lectura\" \/>\n\t<meta name=\"twitter:data1\" content=\"2 minutos\" \/>\n<script type=\"application\/ld+json\" class=\"yoast-schema-graph\">{\"@context\":\"https:\\\/\\\/schema.org\",\"@graph\":[{\"@type\":\"WebPage\",\"@id\":\"https:\\\/\\\/www.virginiadare.com\\\/404-2\\\/\",\"url\":\"https:\\\/\\\/www.virginiadare.com\\\/404-2\\\/\",\"name\":\"404 - Virginia Dare\",\"isPartOf\":{\"@id\":\"https:\\\/\\\/www.virginiadare.com\\\/#website\"},\"primaryImageOfPage\":{\"@id\":\"https:\\\/\\\/www.virginiadare.com\\\/404-2\\\/#primaryimage\"},\"image\":{\"@id\":\"https:\\\/\\\/www.virginiadare.com\\\/404-2\\\/#primaryimage\"},\"thumbnailUrl\":\"https:\\\/\\\/www.virginiadare.com\\\/wp-content\\\/uploads\\\/2023\\\/06\\\/404-1024x512.png\",\"datePublished\":\"2023-05-25T22:17:52+00:00\",\"dateModified\":\"2023-06-02T18:55:21+00:00\",\"breadcrumb\":{\"@id\":\"https:\\\/\\\/www.virginiadare.com\\\/404-2\\\/#breadcrumb\"},\"inLanguage\":\"es\",\"potentialAction\":[{\"@type\":\"ReadAction\",\"target\":[\"https:\\\/\\\/www.virginiadare.com\\\/404-2\\\/\"]}]},{\"@type\":\"ImageObject\",\"inLanguage\":\"es\",\"@id\":\"https:\\\/\\\/www.virginiadare.com\\\/404-2\\\/#primaryimage\",\"url\":\"https:\\\/\\\/www.virginiadare.com\\\/wp-content\\\/uploads\\\/2023\\\/06\\\/404-1024x512.png\",\"contentUrl\":\"https:\\\/\\\/www.virginiadare.com\\\/wp-content\\\/uploads\\\/2023\\\/06\\\/404-1024x512.png\"},{\"@type\":\"BreadcrumbList\",\"@id\":\"https:\\\/\\\/www.virginiadare.com\\\/404-2\\\/#breadcrumb\",\"itemListElement\":[{\"@type\":\"ListItem\",\"position\":1,\"name\":\"Home\",\"item\":\"https:\\\/\\\/www.virginiadare.com\\\/\"},{\"@type\":\"ListItem\",\"position\":2,\"name\":\"404\"}]},{\"@type\":\"WebSite\",\"@id\":\"https:\\\/\\\/www.virginiadare.com\\\/#website\",\"url\":\"https:\\\/\\\/www.virginiadare.com\\\/\",\"name\":\"Virginia Dare\",\"description\":\"Delivering preferred taste\",\"publisher\":{\"@id\":\"https:\\\/\\\/www.virginiadare.com\\\/#organization\"},\"potentialAction\":[{\"@type\":\"SearchAction\",\"target\":{\"@type\":\"EntryPoint\",\"urlTemplate\":\"https:\\\/\\\/www.virginiadare.com\\\/?s={search_term_string}\"},\"query-input\":{\"@type\":\"PropertyValueSpecification\",\"valueRequired\":true,\"valueName\":\"search_term_string\"}}],\"inLanguage\":\"es\"},{\"@type\":\"Organization\",\"@id\":\"https:\\\/\\\/www.virginiadare.com\\\/#organization\",\"name\":\"Virginia Dare\",\"url\":\"https:\\\/\\\/www.virginiadare.com\\\/\",\"logo\":{\"@type\":\"ImageObject\",\"inLanguage\":\"es\",\"@id\":\"https:\\\/\\\/www.virginiadare.com\\\/#\\\/schema\\\/logo\\\/image\\\/\",\"url\":\"https:\\\/\\\/www.virginiadare.com\\\/wp-content\\\/uploads\\\/2023\\\/04\\\/virginia_dare_logo.svg\",\"contentUrl\":\"https:\\\/\\\/www.virginiadare.com\\\/wp-content\\\/uploads\\\/2023\\\/04\\\/virginia_dare_logo.svg\",\"width\":244,\"height\":212,\"caption\":\"Virginia Dare\"},\"image\":{\"@id\":\"https:\\\/\\\/www.virginiadare.com\\\/#\\\/schema\\\/logo\\\/image\\\/\"},\"sameAs\":[\"https:\\\/\\\/www.linkedin.com\\\/company\\\/614617\"]}]}<\/script>\n<!-- \/ Yoast SEO plugin. -->","yoast_head_json":{"title":"404 - El reto de Virginia","robots":{"index":"index","follow":"follow","max-snippet":"max-snippet:-1","max-image-preview":"max-image-preview:large","max-video-preview":"max-video-preview:-1"},"canonical":"https:\/\/www.virginiadare.com\/es\/404-2\/","og_locale":"es_MX","og_type":"article","og_title":"404 - Virginia Dare","og_description":"Uh oh, that link is broken. We\u2019re sorry about that. You can visit our contact page to speak to a flavor expert. Or return home to discover jasmine tangerine, fragrant vanilla honeysuckle, or whatever flavor combination you can imagine.","og_url":"https:\/\/www.virginiadare.com\/es\/404-2\/","og_site_name":"Virginia Dare","article_modified_time":"2023-06-02T18:55:21+00:00","og_image":[{"url":"https:\/\/www.virginiadare.com\/wp-content\/uploads\/2023\/06\/404-1024x512.png","type":"","width":"","height":""}],"twitter_card":"summary_large_image","twitter_misc":{"Tiempo de lectura":"2 minutos"},"schema":{"@context":"https:\/\/schema.org","@graph":[{"@type":"WebPage","@id":"https:\/\/www.virginiadare.com\/404-2\/","url":"https:\/\/www.virginiadare.com\/404-2\/","name":"404 - El reto de Virginia","isPartOf":{"@id":"https:\/\/www.virginiadare.com\/#website"},"primaryImageOfPage":{"@id":"https:\/\/www.virginiadare.com\/404-2\/#primaryimage"},"image":{"@id":"https:\/\/www.virginiadare.com\/404-2\/#primaryimage"},"thumbnailUrl":"https:\/\/www.virginiadare.com\/wp-content\/uploads\/2023\/06\/404-1024x512.png","datePublished":"2023-05-25T22:17:52+00:00","dateModified":"2023-06-02T18:55:21+00:00","breadcrumb":{"@id":"https:\/\/www.virginiadare.com\/404-2\/#breadcrumb"},"inLanguage":"es","potentialAction":[{"@type":"ReadAction","target":["https:\/\/www.virginiadare.com\/404-2\/"]}]},{"@type":"ImageObject","inLanguage":"es","@id":"https:\/\/www.virginiadare.com\/404-2\/#primaryimage","url":"https:\/\/www.virginiadare.com\/wp-content\/uploads\/2023\/06\/404-1024x512.png","contentUrl":"https:\/\/www.virginiadare.com\/wp-content\/uploads\/2023\/06\/404-1024x512.png"},{"@type":"BreadcrumbList","@id":"https:\/\/www.virginiadare.com\/404-2\/#breadcrumb","itemListElement":[{"@type":"ListItem","position":1,"name":"Home","item":"https:\/\/www.virginiadare.com\/"},{"@type":"ListItem","position":2,"name":"404"}]},{"@type":"WebSite","@id":"https:\/\/www.virginiadare.com\/#website","url":"https:\/\/www.virginiadare.com\/","name":"Virginia se atreve","description":"Ofreciendo el sabor preferido","publisher":{"@id":"https:\/\/www.virginiadare.com\/#organization"},"potentialAction":[{"@type":"SearchAction","target":{"@type":"EntryPoint","urlTemplate":"https:\/\/www.virginiadare.com\/?s={search_term_string}"},"query-input":{"@type":"PropertyValueSpecification","valueRequired":true,"valueName":"search_term_string"}}],"inLanguage":"es"},{"@type":"Organization","@id":"https:\/\/www.virginiadare.com\/#organization","name":"Virginia se atreve","url":"https:\/\/www.virginiadare.com\/","logo":{"@type":"ImageObject","inLanguage":"es","@id":"https:\/\/www.virginiadare.com\/#\/schema\/logo\/image\/","url":"https:\/\/www.virginiadare.com\/wp-content\/uploads\/2023\/04\/virginia_dare_logo.svg","contentUrl":"https:\/\/www.virginiadare.com\/wp-content\/uploads\/2023\/04\/virginia_dare_logo.svg","width":244,"height":212,"caption":"Virginia Dare"},"image":{"@id":"https:\/\/www.virginiadare.com\/#\/schema\/logo\/image\/"},"sameAs":["https:\/\/www.linkedin.com\/company\/614617"]}]}},"taxonomy_info":[],"featured_image_src_large":false,"author_info":{"display_name":"Eric Elves","author_link":"https:\/\/www.virginiadare.com\/es\/author\/eelves\/"},"comment_info":0,"_links":{"self":[{"href":"https:\/\/www.virginiadare.com\/es\/wp-json\/wp\/v2\/pages\/174","targetHints":{"allow":["GET"]}}],"collection":[{"href":"https:\/\/www.virginiadare.com\/es\/wp-json\/wp\/v2\/pages"}],"about":[{"href":"https:\/\/www.virginiadare.com\/es\/wp-json\/wp\/v2\/types\/page"}],"author":[{"embeddable":true,"href":"https:\/\/www.virginiadare.com\/es\/wp-json\/wp\/v2\/users\/2"}],"replies":[{"embeddable":true,"href":"https:\/\/www.virginiadare.com\/es\/wp-json\/wp\/v2\/comments?post=174"}],"version-history":[{"count":0,"href":"https:\/\/www.virginiadare.com\/es\/wp-json\/wp\/v2\/pages\/174\/revisions"}],"wp:attachment":[{"href":"https:\/\/www.virginiadare.com\/es\/wp-json\/wp\/v2\/media?parent=174"}],"curies":[{"name":"gracias","href":"https:\/\/api.w.org\/{rel}","templated":true}]}}